{"id":4610,"date":"2023-12-07T12:13:53","date_gmt":"2023-12-07T11:13:53","guid":{"rendered":"https:\/\/studiocil.eu\/?post_type=product&#038;p=4610"},"modified":"2023-12-07T12:13:53","modified_gmt":"2023-12-07T11:13:53","slug":"darkovy-poukaz-telesna-diagnostika-sport","status":"publish","type":"product","link":"https:\/\/studiocil.eu\/de\/produkt\/darkovy-poukaz-telesna-diagnostika-sport\/","title":{"rendered":"D\u00e1rkov\u00fd poukaz &#8211; t\u011blesn\u00e1 diagnostika SPORT"},"content":{"rendered":"<p>Diagnostick\u00fd bal\u00ed\u010dek, kter\u00fd zahrnuje\u00a0 anal\u00fdzu slo\u017een\u00ed t\u011bla na InBody 270, anal\u00fdzu stavu c\u00e9vn\u00edho syst\u00e9mu a autonomn\u00edho nervov\u00e9ho syst\u00e9mu na p\u0159\u00edstroji Max Pulse, m\u011b\u0159en\u00ed krevn\u00edho tlaku a nav\u00edc krevn\u00ed rozbor zam\u011b\u0159en\u00fd na biochemick\u00e9 parametry organismu za zv\u00fdhodn\u011bnou cenu.<\/p>\n<p>T\u011blesn\u00e9 slo\u017een\u00ed na InBody 270<br \/>\nAnal\u00fdza zahrnuje kompletn\u00ed vy\u0161et\u0159en\u00ed na p\u0159\u00edstroji InBody 270 \u2013 v\u00e1ha, procentu\u00e1ln\u00ed zastoupen\u00ed sval\u016f, tuku, vody a miner\u00e1l\u016f, segment\u00e1ln\u00ed anal\u00fdza \u2013 stanoven\u00ed baz\u00e1ln\u00edho metabolismu, anal\u00fdza viscer\u00e1ln\u00edho tuku, vnitrobun\u011b\u010dn\u00e9 a mimobun\u011b\u010dn\u00e9 vody, stanoven\u00ed biologick\u00e9ho v\u011bku a dal\u0161\u00ed indik\u00e1tory stavu organismu.<br \/>\nV\u0161echny polo\u017eky uveden\u00e9 ve zpr\u00e1v\u011b s v\u00fdsledky m\u011b\u0159en\u00ed jsou klientovi srozumiteln\u011b vysv\u011btleny a klient je upozorn\u011bn na p\u0159\u00edpadn\u00e9 rizikov\u00e9 faktory vypl\u00fdvaj\u00edc\u00ed z nam\u011b\u0159en\u00fdch v\u00fdsledk\u016f.<br \/>\nV\u00fdstupem pro klienta je zpr\u00e1va s v\u00fdsledky m\u011b\u0159en\u00ed v pap\u00edrov\u00e9 nebo elektronick\u00e9 form\u011b.<\/p>\n<p>Diagnostika na p\u0159\u00edstroji Max Pulse<br \/>\nVy\u0161et\u0159en\u00ed na p\u0159\u00edstroji Max Pulse je velmi jednoduch\u00e9 a zcela neinvazivn\u00ed. P\u0159\u00edstroj Max Puls pracuje na principu pletysmografie. M\u011b\u0159en\u00ed se prov\u00e1d\u00ed v sed\u011b. Nasad\u00edme V\u00e1m na ukazov\u00e1k lev\u00e9 ruky malou sondu a b\u011bhem 3 \u2013 5 minut budeme zn\u00e1t v\u00fdsledek.<br \/>\nDiagnostika na p\u0159\u00edstroji Max Pule poskytuje informace o stavu kardiovaskul\u00e1rn\u00edho syst\u00e9mu, p\u0159edev\u0161\u00edm o stavu va\u0161ich c\u00e9v, Z\u00e1rove\u0148 se d\u00edky m\u011b\u0159en\u00ed variability srde\u010dn\u00edho rytmu dozv\u00edte i d\u016fle\u017eit\u00e9 informace o stavu va\u0161eho autonomn\u00edho nervov\u00e9ho syst\u00e9mu, fyzick\u00e9m a ment\u00e1ln\u00edm stresu a indexu \u00fanavy.<\/p>\n<p><strong>Pozor &#8211; na\u0161e smluvn\u00ed laborato\u0159 pro krevn\u00ed rozbory m\u00e1 pobo\u010dky pouze v Praze a v T\u00e1bo\u0159e<\/strong><\/p>\n<p>Krevn\u00ed testy jsou prov\u00e1d\u011bny v na\u0161\u00ed partnersk\u00e9 laborato\u0159i.\u00a0 Krevn\u00ed rozbor se zam\u011b\u0159uje na specifick\u00e9 biochemick\u00e9 parametry krve. Zaj\u00edm\u00e1 n\u00e1s p\u0159edev\u0161\u00edm hladina miner\u00e1l\u016f, vitam\u00ednu B12, n\u011bkter\u00fdch enzym\u016f a hormon\u016f kritick\u00fdch pro spr\u00e1vnou funkci metabolismu. Samoz\u0159ejmou sou\u010d\u00e1st\u00ed je i stanoven\u00ed hladiny krevn\u00edho cukru, cholesterolu a marker\u016f hodnot\u00edc\u00edch funkci jater a ledvin.<\/p>\n<p>&nbsp;<\/p>\n","protected":false},"excerpt":{"rendered":"<p>Komplexn\u00ed diagnostika t\u011blesn\u00e9ho slo\u017een\u00ed a stresov\u00e9 odolnosti na p\u0159\u00edstroj\u00edch InBody 270 a Max Pulse. Bal\u00ed\u010dek obsahuje tak\u00e9 krevn\u00ed rozbor zam\u011b\u0159en\u00fd na biochemick\u00e9 parametry krve<\/p>\n<p>Platnost d\u00e1rkov\u00e9ho poukazu je 12 m\u011bs\u00edc\u016f od data vyd\u00e1n\u00ed<\/p>\n","protected":false},"featured_media":4606,"comment_status":"open","ping_status":"closed","template":"","meta":[],"product_brand":[],"product_cat":[45],"product_tag":[49,47,46,48],"class_list":{"0":"post-4610","1":"product","2":"type-product","3":"status-publish","4":"has-post-thumbnail","6":"product_cat-darkove-poukazy","7":"product_tag-49","8":"product_tag-redukce-hmotnosti","9":"product_tag-sportovni-vykonnost","10":"product_tag-zivot-v-rovnovaze","11":"pa_format-poukazu-poukaz-e-mailem","12":"pa_format-poukazu-vytisteny-poukaz-a4","14":"first","15":"instock","16":"shipping-taxable","17":"purchasable","18":"product-type-variable"},"_links":{"self":[{"href":"https:\/\/studiocil.eu\/de\/wp-json\/wp\/v2\/product\/4610","targetHints":{"allow":["GET"]}}],"collection":[{"href":"https:\/\/studiocil.eu\/de\/wp-json\/wp\/v2\/product"}],"about":[{"href":"https:\/\/studiocil.eu\/de\/wp-json\/wp\/v2\/types\/product"}],"replies":[{"embeddable":true,"href":"https:\/\/studiocil.eu\/de\/wp-json\/wp\/v2\/comments?post=4610"}],"wp:featuredmedia":[{"embeddable":true,"href":"https:\/\/studiocil.eu\/de\/wp-json\/wp\/v2\/media\/4606"}],"wp:attachment":[{"href":"https:\/\/studiocil.eu\/de\/wp-json\/wp\/v2\/media?parent=4610"}],"wp:term":[{"taxonomy":"product_brand","embeddable":true,"href":"https:\/\/studiocil.eu\/de\/wp-json\/wp\/v2\/product_brand?post=4610"},{"taxonomy":"product_cat","embeddable":true,"href":"https:\/\/studiocil.eu\/de\/wp-json\/wp\/v2\/product_cat?post=4610"},{"taxonomy":"product_tag","embeddable":true,"href":"https:\/\/studiocil.eu\/de\/wp-json\/wp\/v2\/product_tag?post=4610"}],"curies":[{"name":"wp","href":"https:\/\/api.w.org\/{rel}","templated":true}]}}