{"id":4375,"date":"2023-11-28T14:39:30","date_gmt":"2023-11-28T13:39:30","guid":{"rendered":"https:\/\/studiocil.eu\/?post_type=product&#038;p=4375"},"modified":"2023-11-28T14:40:37","modified_gmt":"2023-11-28T13:40:37","slug":"darkovy-poukaz-na-libovolne-nutricni-sluzby-v-hodnote-3000-kc","status":"publish","type":"product","link":"https:\/\/studiocil.eu\/de\/produkt\/darkovy-poukaz-na-libovolne-nutricni-sluzby-v-hodnote-3000-kc\/","title":{"rendered":"D\u00e1rkov\u00fd poukaz na libovoln\u00e9 nutri\u010dn\u00ed slu\u017eby v hodnot\u011b 3000 K\u010d"},"content":{"rendered":"<p>D\u00e1rkov\u00e9 poukazy na nutri\u010dn\u00ed slu\u017eby studia C\u00cdL ve vybran\u00e9 finan\u010dn\u00ed hodnot\u011b d\u00e1vaj\u00ed obdarovan\u00e9mu mo\u017enost vybrat si libovolnou slu\u017ebu z na\u0161eho katalogu. Vy zad\u00e1te pouze hodnotu poukazu a v\u00fdb\u011br konkr\u00e9tn\u00ed slu\u017eby u\u017e nech\u00e1te na obdarovan\u00e9m. Pokud chcete darovat \u010d\u00e1stku, kter\u00e1 nen\u00ed ve v\u00fdv\u011bru, kontaktujte n\u00e1s prost\u0159ednictv\u00edm kontaktn\u00edho formul\u00e1\u0159e nebo telefonicky a poukaz p\u0159iprav\u00edme p\u0159esn\u011b podle Va\u0161eho p\u0159\u00e1n\u00ed<\/p>\n<p>Tato mo\u017enost d\u00e1v\u00e1 naprostou svobodu v\u00fdb\u011bru.<\/p>\n<p>P\u0159i zvolen\u00ed slu\u017eby, kter\u00e1 je dra\u017e\u0161\u00ed ne\u017e hodnota poukazu se d\u00e1 rozd\u00edl jednodu\u0161e doplatit.<\/p>\n<p>Pozor ale na opa\u010dn\u00e9 p\u0159\u00edpady. Nevypl\u00e1c\u00edme hotovost za p\u0159edlo\u017een\u00e9 poukazy. Maxim\u00e1ln\u00ed vratn\u00fd rozd\u00edl mezi zvolenou slu\u017ebou a cenou poukazu je 500 K\u010d.<\/p>\n<p>V p\u0159\u00edpad\u011b, \u017ee poukaz jako d\u00e1rek nebyl vhodn\u011b vybr\u00e1n, n\u00e1s pros\u00edm kontaktujte a\u00a0 \u0159e\u0161en\u00ed u\u0161ijeme na m\u00edru pro danou situaci.<\/p>\n","protected":false},"excerpt":{"rendered":"<p>D\u00e1rkov\u00e9 poukazy na nutri\u010dn\u00ed slu\u017eby studia C\u00cdL ve vybran\u00e9 finan\u010dn\u00ed hodnot\u011b<\/p>\n<p>Platnost poukazu je 12 m\u011bs\u00edc\u016f od data vyd\u00e1n\u00ed<\/p>\n","protected":false},"featured_media":4093,"comment_status":"open","ping_status":"closed","template":"","meta":[],"product_brand":[],"product_cat":[45],"product_tag":[49,47,46],"class_list":{"0":"post-4375","1":"product","2":"type-product","3":"status-publish","4":"has-post-thumbnail","6":"product_cat-darkove-poukazy","7":"product_tag-49","8":"product_tag-redukce-hmotnosti","9":"product_tag-sportovni-vykonnost","10":"pa_format-poukazu-poukaz-e-mailem","11":"pa_format-poukazu-vytisteny-poukaz-a4","13":"first","14":"instock","15":"shipping-taxable","16":"purchasable","17":"product-type-variable"},"_links":{"self":[{"href":"https:\/\/studiocil.eu\/de\/wp-json\/wp\/v2\/product\/4375","targetHints":{"allow":["GET"]}}],"collection":[{"href":"https:\/\/studiocil.eu\/de\/wp-json\/wp\/v2\/product"}],"about":[{"href":"https:\/\/studiocil.eu\/de\/wp-json\/wp\/v2\/types\/product"}],"replies":[{"embeddable":true,"href":"https:\/\/studiocil.eu\/de\/wp-json\/wp\/v2\/comments?post=4375"}],"wp:featuredmedia":[{"embeddable":true,"href":"https:\/\/studiocil.eu\/de\/wp-json\/wp\/v2\/media\/4093"}],"wp:attachment":[{"href":"https:\/\/studiocil.eu\/de\/wp-json\/wp\/v2\/media?parent=4375"}],"wp:term":[{"taxonomy":"product_brand","embeddable":true,"href":"https:\/\/studiocil.eu\/de\/wp-json\/wp\/v2\/product_brand?post=4375"},{"taxonomy":"product_cat","embeddable":true,"href":"https:\/\/studiocil.eu\/de\/wp-json\/wp\/v2\/product_cat?post=4375"},{"taxonomy":"product_tag","embeddable":true,"href":"https:\/\/studiocil.eu\/de\/wp-json\/wp\/v2\/product_tag?post=4375"}],"curies":[{"name":"wp","href":"https:\/\/api.w.org\/{rel}","templated":true}]}}