{"id":4309,"date":"2023-11-28T13:53:52","date_gmt":"2023-11-28T12:53:52","guid":{"rendered":"https:\/\/studiocil.eu\/?post_type=product&#038;p=4309"},"modified":"2024-09-10T12:45:04","modified_gmt":"2024-09-10T10:45:04","slug":"darkovy-poukaz-sport-plus","status":"publish","type":"product","link":"https:\/\/studiocil.eu\/de\/produkt\/darkovy-poukaz-sport-plus\/","title":{"rendered":"D\u00e1rkov\u00fd poukaz Sport PREMIUM"},"content":{"rendered":"<p>D\u00e1rkov\u00e9 poukazy Sport jsou ur\u010deny p\u0159edev\u0161\u00edm pro sportovce. Slu\u017eby obsa\u017een\u00e9 ve sportovn\u00edch bal\u00ed\u010dc\u00edch v\u00e1m pomohou zv\u00fd\u0161it v\u00fdkonnost, upravit t\u011blesn\u00e9 slo\u017een\u00ed a skloubit tr\u00e9nink s dopl\u0148ov\u00e1n\u00edm energie a \u017eivin.<\/p>\n<p>D\u00e1rkov\u00fd poukaz SPORT PREMIUM obsahuje<\/p>\n<ul>\n<li>Nutri\u010dn\u00ed slu\u017eby a diagnostiku po dobu 6 m\u011bs\u00edc\u016f<\/li>\n<li>Z\u00e1kladn\u00ed\/vstupn\u00ed konzultace<\/li>\n<li>2 x diagnostika SPORT<\/li>\n<li>3 x diagnostika MAX<\/li>\n<li>Vyhodnocen\u00ed st\u00e1vaj\u00edc\u00edho j\u00eddeln\u00ed\u010dku a sportovn\u00edch aktivit<\/li>\n<li>Nastaven\u00ed stravovac\u00edho pl\u00e1nu pro dosa\u017een\u00ed Va\u0161ich c\u00edl\u016f (slo\u017een\u00ed t\u011bla, v\u00fdkonnost)<\/li>\n<li>N\u00e1vrh mo\u017en\u00fdch \u00faprav va\u0161eho tr\u00e9ninku pro dosa\u017een\u00ed Va\u0161ich c\u00edl\u016f (v\u00fdkonnost)<\/li>\n<li>Doporu\u010den\u00ed vhodn\u00fdch dopl\u0148k\u016f v\u00fd\u017eivy v p\u0159\u00edpad\u011b klientova z\u00e1jmu<\/li>\n<li>P\u0159\u00edprava individu\u00e1ln\u00edho j\u00eddeln\u00ed\u010dku (10 pln\u00fdch dn\u00ed) v souladu se stravovac\u00edm pl\u00e1nem<\/li>\n<li>4 x standardn\u00ed konzultace (\u00faprava pl\u00e1n\u016f podle aktu\u00e1ln\u00edch v\u00fdsledk\u016f)<\/li>\n<\/ul>\n","protected":false},"excerpt":{"rendered":"<p>D\u00e1rkov\u00e9 poukazy na bal\u00ed\u010dky nutri\u010dn\u00edch slu\u017eeb pro sportovce<\/p>\n<p>Platnost poukazu je 12 m\u011bs\u00edc\u016f od data vyd\u00e1n\u00ed<\/p>\n","protected":false},"featured_media":4053,"comment_status":"open","ping_status":"closed","template":"","meta":[],"product_brand":[],"product_cat":[45],"product_tag":[47,50,46,48],"class_list":{"0":"post-4309","1":"product","2":"type-product","3":"status-publish","4":"has-post-thumbnail","6":"product_cat-darkove-poukazy","7":"product_tag-redukce-hmotnosti","8":"product_tag-rust-svalu","9":"product_tag-sportovni-vykonnost","10":"product_tag-zivot-v-rovnovaze","11":"pa_format-poukazu-poukaz-e-mailem","12":"pa_format-poukazu-vytisteny-poukaz-a4","14":"first","15":"instock","16":"shipping-taxable","17":"purchasable","18":"product-type-variable"},"_links":{"self":[{"href":"https:\/\/studiocil.eu\/de\/wp-json\/wp\/v2\/product\/4309","targetHints":{"allow":["GET"]}}],"collection":[{"href":"https:\/\/studiocil.eu\/de\/wp-json\/wp\/v2\/product"}],"about":[{"href":"https:\/\/studiocil.eu\/de\/wp-json\/wp\/v2\/types\/product"}],"replies":[{"embeddable":true,"href":"https:\/\/studiocil.eu\/de\/wp-json\/wp\/v2\/comments?post=4309"}],"wp:featuredmedia":[{"embeddable":true,"href":"https:\/\/studiocil.eu\/de\/wp-json\/wp\/v2\/media\/4053"}],"wp:attachment":[{"href":"https:\/\/studiocil.eu\/de\/wp-json\/wp\/v2\/media?parent=4309"}],"wp:term":[{"taxonomy":"product_brand","embeddable":true,"href":"https:\/\/studiocil.eu\/de\/wp-json\/wp\/v2\/product_brand?post=4309"},{"taxonomy":"product_cat","embeddable":true,"href":"https:\/\/studiocil.eu\/de\/wp-json\/wp\/v2\/product_cat?post=4309"},{"taxonomy":"product_tag","embeddable":true,"href":"https:\/\/studiocil.eu\/de\/wp-json\/wp\/v2\/product_tag?post=4309"}],"curies":[{"name":"wp","href":"https:\/\/api.w.org\/{rel}","templated":true}]}}