{"id":4285,"date":"2023-11-28T13:02:40","date_gmt":"2023-11-28T12:02:40","guid":{"rendered":"https:\/\/studiocil.eu\/?post_type=product&#038;p=4285"},"modified":"2024-02-01T12:41:37","modified_gmt":"2024-02-01T11:41:37","slug":"darkovy-poukaz-fithappy-plus","status":"publish","type":"product","link":"https:\/\/studiocil.eu\/de\/produkt\/darkovy-poukaz-fithappy-plus\/","title":{"rendered":"D\u00e1rkov\u00fd poukaz FIT &#038; HAPPY &#8211; PREMIUM"},"content":{"rendered":"<p>D\u00e1rkov\u00e9 poukazy FIT &amp; HAPPY \u00a0jsou ur\u010deny pro\u00a0 \u017eeny i mu\u017ee, kte\u0159\u00ed cht\u011bj\u00ed \u017e\u00edt aktivn\u011b a zdrav\u011b. Pomohou\u00a0 v\u00e1m s \u00fapravou j\u00eddeln\u00ed\u010dku, nastaven\u00edm vhodn\u00e9ho energetick\u00e9ho p\u0159\u00edjmu a optim\u00e1ln\u00edch pohybov\u00fdch aktivit. V r\u00e1mci bal\u00ed\u010dk\u016f se dozv\u00edte d\u016fle\u017eit\u00e9 informace o sestavov\u00e1n\u00ed zdrav\u00e9ho nutri\u010dn\u00edho pl\u00e1nu, zjist\u00edte aktu\u00e1ln\u00ed stav va\u0161eho organismu a dozv\u00edte se spoustu novinek a tip\u016f ze sv\u011bta zdrav\u00e9 v\u00fd\u017eivy. B\u011bhem pl\u00e1novan\u00fdch konzultac\u00ed nen\u00ed \u017e\u00e1dn\u00e1 va\u0161e ot\u00e1zka tabu.<\/p>\n<p>Bal\u00ed\u010dek FIT &amp; HAPPY PREMIUM obsahuje:<\/p>\n<ul>\n<li>Nutri\u010dn\u00ed slu\u017eby a diagnostiku po dobu 6 m\u011bs\u00edc\u016f<\/li>\n<li>Z\u00e1kladn\u00ed\/vstupn\u00ed konzultace<\/li>\n<li>2 x diagnostika SPORT<\/li>\n<li>3 x diagnostika MAX<\/li>\n<li>Vyhodnocen\u00ed st\u00e1vaj\u00edc\u00edho j\u00eddeln\u00ed\u010dku a sportovn\u00edch aktivit<\/li>\n<li>Nastaven\u00ed stravovac\u00edho pl\u00e1nu pro dosa\u017een\u00ed Va\u0161ich c\u00edl\u016f (slo\u017een\u00ed t\u011bla, v\u00fdkonnost)<\/li>\n<li>N\u00e1vrh mo\u017en\u00fdch \u00faprav Va\u0161eho pohybov\u00e9ho re\u017eimu podle Va\u0161eho c\u00edle<\/li>\n<li>P\u0159\u00edprava individu\u00e1ln\u00edho j\u00eddeln\u00ed\u010dku (10 pln\u00fdch dn\u00ed) v souladu se stravovac\u00edm pl\u00e1nem<\/li>\n<li>Doporu\u010den\u00ed vhodn\u00fdch dopl\u0148k\u016f v\u00fd\u017eivy v p\u0159\u00edpad\u011b klientova z\u00e1jmu<\/li>\n<li>4 x standardn\u00ed konzultace (\u00faprava pl\u00e1n\u016f podle aktu\u00e1ln\u00edch v\u00fdsledk\u016f)<\/li>\n<\/ul>\n","protected":false},"excerpt":{"rendered":"<p>D\u00e1rkov\u00e9 poukazy na bal\u00ed\u010dky FIT &amp; HAPPY \u00a0jsou ur\u010deny pro\u00a0 \u017eeny i mu\u017ee, kte\u0159\u00ed cht\u011bj\u00ed \u017e\u00edt aktivn\u011b a zdrav\u011b.<\/p>\n<p>Platnost poukazu je 12 m\u011bs\u00edc\u016f od data vyd\u00e1n\u00ed<\/p>\n","protected":false},"featured_media":4096,"comment_status":"open","ping_status":"closed","template":"","meta":[],"product_brand":[],"product_cat":[45],"product_tag":[],"class_list":{"0":"post-4285","1":"product","2":"type-product","3":"status-publish","4":"has-post-thumbnail","6":"product_cat-darkove-poukazy","7":"pa_format-poukazu-poukaz-e-mailem","8":"pa_format-poukazu-vytisteny-poukaz-a4","10":"first","11":"instock","12":"shipping-taxable","13":"purchasable","14":"product-type-variable"},"_links":{"self":[{"href":"https:\/\/studiocil.eu\/de\/wp-json\/wp\/v2\/product\/4285","targetHints":{"allow":["GET"]}}],"collection":[{"href":"https:\/\/studiocil.eu\/de\/wp-json\/wp\/v2\/product"}],"about":[{"href":"https:\/\/studiocil.eu\/de\/wp-json\/wp\/v2\/types\/product"}],"replies":[{"embeddable":true,"href":"https:\/\/studiocil.eu\/de\/wp-json\/wp\/v2\/comments?post=4285"}],"wp:featuredmedia":[{"embeddable":true,"href":"https:\/\/studiocil.eu\/de\/wp-json\/wp\/v2\/media\/4096"}],"wp:attachment":[{"href":"https:\/\/studiocil.eu\/de\/wp-json\/wp\/v2\/media?parent=4285"}],"wp:term":[{"taxonomy":"product_brand","embeddable":true,"href":"https:\/\/studiocil.eu\/de\/wp-json\/wp\/v2\/product_brand?post=4285"},{"taxonomy":"product_cat","embeddable":true,"href":"https:\/\/studiocil.eu\/de\/wp-json\/wp\/v2\/product_cat?post=4285"},{"taxonomy":"product_tag","embeddable":true,"href":"https:\/\/studiocil.eu\/de\/wp-json\/wp\/v2\/product_tag?post=4285"}],"curies":[{"name":"wp","href":"https:\/\/api.w.org\/{rel}","templated":true}]}}