{"id":4262,"date":"2023-11-28T12:25:11","date_gmt":"2023-11-28T11:25:11","guid":{"rendered":"https:\/\/studiocil.eu\/?post_type=product&#038;p=4262"},"modified":"2024-11-23T20:28:47","modified_gmt":"2024-11-23T19:28:47","slug":"darkpvy-poukaz-hubnuti-optimum","status":"publish","type":"product","link":"https:\/\/studiocil.eu\/de\/produkt\/darkpvy-poukaz-hubnuti-optimum\/","title":{"rendered":"D\u00e1rkpv\u00fd poukaz HUBNUT\u00cd &#8211; PREMIUM"},"content":{"rendered":"<p>D\u00e1rkov\u00e9 poukazy HUBNUT\u00cd jsou ur\u010deny v\u0161echny, kdo cht\u011bj\u00ed redukovat svoji hmotnost. Slu\u017eby obsa\u017een\u00e9 v bal\u00ed\u010dc\u00edch HUBNUT\u00cd v\u00e1m pomohou s \u00fapravou j\u00eddeln\u00ed\u010dku, nastaven\u00edm vhodn\u00e9ho energetick\u00e9ho p\u0159\u00edjmu a optim\u00e1ln\u00edch pohybov\u00fdch aktivit.<\/p>\n<p>Sou\u010d\u00e1st\u00ed bal\u00ed\u010dku HUBNUT\u00cd PREMIUM jsou:<\/p>\n<ul>\n<li>Nutri\u010dn\u00ed slu\u017eby a diagnostika pro dobu 6 m\u011bs\u00edc\u016f<\/li>\n<li>Z\u00e1kladn\u00ed\/vstupn\u00ed konzultace<\/li>\n<li>5 x diagnostika MAX (ka\u017ed\u00fdch 6 t\u00fddn\u016f)<\/li>\n<li>Vyhodnocen\u00ed st\u00e1vaj\u00edc\u00edho j\u00eddeln\u00ed\u010dku a pohybov\u00fdch aktivit<\/li>\n<li>Nastaven\u00ed stravovac\u00edho pl\u00e1nu pro dosa\u017een\u00ed Va\u0161eho c\u00edle redukce v\u00e1hy<\/li>\n<li>Nastaven\u00ed pohybov\u00e9ho pl\u00e1nu pro dosa\u017een\u00ed Va\u0161eho c\u00edle redukce v\u00e1hy<\/li>\n<li>P\u0159\u00edprava individu\u00e1ln\u00edho j\u00eddeln\u00ed\u010dku (10 pln\u00fdch dn\u00ed) v souladu se stravovac\u00edm pl\u00e1nem<\/li>\n<li>Doporu\u010den\u00ed vhodn\u00fdch dopl\u0148k\u016f v\u00fd\u017eivy v p\u0159\u00edpad\u011b klientova z\u00e1jmu<\/li>\n<li>5 x standardn\u00ed konzultace (\u00faprava pl\u00e1nu podle aktu\u00e1ln\u00edch v\u00fdsledk\u016f)<\/li>\n<\/ul>\n","protected":false},"excerpt":{"rendered":"<p>D\u00e1rkov\u00e9 poukazy na bal\u00ed\u010dky nutri\u010dn\u00edch slu\u017eeb pro v\u0161echny, kdo cht\u011bj\u00ed upravit svoji hmotnost<\/p>\n<p>Platnost poukazu je 12 m\u011bs\u00edc\u016f od data vyd\u00e1n\u00ed<\/p>\n","protected":false},"featured_media":4047,"comment_status":"open","ping_status":"closed","template":"","meta":[],"product_brand":[],"product_cat":[45],"product_tag":[47],"class_list":{"0":"post-4262","1":"product","2":"type-product","3":"status-publish","4":"has-post-thumbnail","6":"product_cat-darkove-poukazy","7":"product_tag-redukce-hmotnosti","8":"pa_format-poukazu-poukaz-e-mailem","9":"pa_format-poukazu-vytisteny-poukaz-a4","11":"first","12":"instock","13":"shipping-taxable","14":"purchasable","15":"product-type-variable"},"_links":{"self":[{"href":"https:\/\/studiocil.eu\/de\/wp-json\/wp\/v2\/product\/4262","targetHints":{"allow":["GET"]}}],"collection":[{"href":"https:\/\/studiocil.eu\/de\/wp-json\/wp\/v2\/product"}],"about":[{"href":"https:\/\/studiocil.eu\/de\/wp-json\/wp\/v2\/types\/product"}],"replies":[{"embeddable":true,"href":"https:\/\/studiocil.eu\/de\/wp-json\/wp\/v2\/comments?post=4262"}],"wp:featuredmedia":[{"embeddable":true,"href":"https:\/\/studiocil.eu\/de\/wp-json\/wp\/v2\/media\/4047"}],"wp:attachment":[{"href":"https:\/\/studiocil.eu\/de\/wp-json\/wp\/v2\/media?parent=4262"}],"wp:term":[{"taxonomy":"product_brand","embeddable":true,"href":"https:\/\/studiocil.eu\/de\/wp-json\/wp\/v2\/product_brand?post=4262"},{"taxonomy":"product_cat","embeddable":true,"href":"https:\/\/studiocil.eu\/de\/wp-json\/wp\/v2\/product_cat?post=4262"},{"taxonomy":"product_tag","embeddable":true,"href":"https:\/\/studiocil.eu\/de\/wp-json\/wp\/v2\/product_tag?post=4262"}],"curies":[{"name":"wp","href":"https:\/\/api.w.org\/{rel}","templated":true}]}}