{"id":4219,"date":"2023-11-28T11:04:45","date_gmt":"2023-11-28T10:04:45","guid":{"rendered":"https:\/\/studiocil.eu\/?post_type=product&#038;p=4219"},"modified":"2024-07-09T09:20:46","modified_gmt":"2024-07-09T07:20:46","slug":"darkovy-poukaz-50-plus-optimum","status":"publish","type":"product","link":"https:\/\/studiocil.eu\/de\/produkt\/darkovy-poukaz-50-plus-optimum\/","title":{"rendered":"D\u00e1rkov\u00fd poukaz 50 PLUS &#8211; PREMIUM"},"content":{"rendered":"<p>D\u00e1rkov\u00e9 poukazy 50 PLUS jsou ur\u010deny pro pades\u00e1tn\u00edky, \u0161edes\u00e1tn\u00edky a star\u0161\u00ed. Slu\u017eby obsa\u017een\u00e9 v bal\u00ed\u010dc\u00edch 50 PLUS zohled\u0148uj\u00ed vy\u0161\u0161\u00ed v\u011bkovou kategorii klient\u016f hlavn\u011b v oblasti dopl\u0148ov\u00e1n\u00ed vitam\u00edn\u016f, miner\u00e1l\u016f a biologicky aktivn\u00edch l\u00e1tek. Pomohou\u00a0 v\u00e1m s \u00fapravou j\u00eddeln\u00ed\u010dku, nastaven\u00edm vhodn\u00e9ho energetick\u00e9ho p\u0159\u00edjmu a optim\u00e1ln\u00edch pohybov\u00fdch aktivit.<\/p>\n<p>Sou\u010d\u00e1st\u00ed bal\u00ed\u010dku 50 PLUS PREMIUM jsou<\/p>\n<ul>\n<li>Nutri\u010dn\u00ed a diagnostick\u00e1 p\u00e9\u010de po dobu 6 m\u011bs\u00edc\u016f<\/li>\n<li>Z\u00e1kladn\u00ed\/vstupn\u00ed konzultace<\/li>\n<li>2 x diagnostika 50 +<\/li>\n<li>3 x diagnostika MAX<\/li>\n<li>Vyhodnocen\u00ed st\u00e1vaj\u00edc\u00edho j\u00eddeln\u00ed\u010dku a sportovn\u00edch aktivit<\/li>\n<li>Nastaven\u00ed stravovac\u00edho pl\u00e1nu pro dosa\u017een\u00ed Va\u0161ich c\u00edl\u016f (slo\u017een\u00ed t\u011bla, v\u00fdkonnost)<\/li>\n<li>N\u00e1vrh mo\u017en\u00fdch \u00faprav Va\u0161eho pohybov\u00e9ho re\u017eimu podle Va\u0161eho c\u00edle<\/li>\n<li>P\u0159\u00edprava individu\u00e1ln\u00edho j\u00eddeln\u00ed\u010dku (10 pln\u00fdch dn\u00ed) v souladu se stravovac\u00edm pl\u00e1nem<\/li>\n<li>Doporu\u010den\u00ed p\u0159\u00edrodn\u00edch zdroj\u016f d\u016fle\u017eit\u00fdch mikro\u017eivin (vitam\u00edn\u016f, miner\u00e1l\u016f, aktivn\u00edch l\u00e1tek)<\/li>\n<li>Doporu\u010den\u00ed vhodn\u00fdch dopl\u0148k\u016f v\u00fd\u017eivy v p\u0159\u00edpad\u011b klientova z\u00e1jmu<\/li>\n<li>4 x standardn\u00ed konzultace (\u00faprava pl\u00e1n\u016f podle aktu\u00e1ln\u00edch v\u00fdsledk\u016f)<\/li>\n<\/ul>\n","protected":false},"excerpt":{"rendered":"<p>D\u00e1rkov\u00e9 poukazy na bal\u00ed\u010dky nutri\u010dn\u00edch slu\u017eeb pro pades\u00e1tn\u00edky, \u0161edes\u00e1tn\u00edky i star\u0161\u00ed<\/p>\n","protected":false},"featured_media":4041,"comment_status":"open","ping_status":"closed","template":"","meta":[],"product_brand":[],"product_cat":[45],"product_tag":[49,47,46,48],"class_list":{"0":"post-4219","1":"product","2":"type-product","3":"status-publish","4":"has-post-thumbnail","6":"product_cat-darkove-poukazy","7":"product_tag-49","8":"product_tag-redukce-hmotnosti","9":"product_tag-sportovni-vykonnost","10":"product_tag-zivot-v-rovnovaze","11":"pa_format-poukazu-poukaz-e-mailem","12":"pa_format-poukazu-vytisteny-poukaz-a4","14":"first","15":"instock","16":"shipping-taxable","17":"purchasable","18":"product-type-variable"},"_links":{"self":[{"href":"https:\/\/studiocil.eu\/de\/wp-json\/wp\/v2\/product\/4219","targetHints":{"allow":["GET"]}}],"collection":[{"href":"https:\/\/studiocil.eu\/de\/wp-json\/wp\/v2\/product"}],"about":[{"href":"https:\/\/studiocil.eu\/de\/wp-json\/wp\/v2\/types\/product"}],"replies":[{"embeddable":true,"href":"https:\/\/studiocil.eu\/de\/wp-json\/wp\/v2\/comments?post=4219"}],"wp:featuredmedia":[{"embeddable":true,"href":"https:\/\/studiocil.eu\/de\/wp-json\/wp\/v2\/media\/4041"}],"wp:attachment":[{"href":"https:\/\/studiocil.eu\/de\/wp-json\/wp\/v2\/media?parent=4219"}],"wp:term":[{"taxonomy":"product_brand","embeddable":true,"href":"https:\/\/studiocil.eu\/de\/wp-json\/wp\/v2\/product_brand?post=4219"},{"taxonomy":"product_cat","embeddable":true,"href":"https:\/\/studiocil.eu\/de\/wp-json\/wp\/v2\/product_cat?post=4219"},{"taxonomy":"product_tag","embeddable":true,"href":"https:\/\/studiocil.eu\/de\/wp-json\/wp\/v2\/product_tag?post=4219"}],"curies":[{"name":"wp","href":"https:\/\/api.w.org\/{rel}","templated":true}]}}